{"id":17129,"date":"2026-02-18T18:09:54","date_gmt":"2026-02-18T17:09:54","guid":{"rendered":"https:\/\/destinazione-suditalia.com\/?page_id=17129"},"modified":"2026-02-18T18:28:47","modified_gmt":"2026-02-18T17:28:47","slug":"toddler-8dc-quiz-supershort-a1-adv","status":"publish","type":"page","link":"https:\/\/destinazione-suditalia.com\/index.php\/toddler-8dc-quiz-supershort-a1-adv\/","title":{"rendered":"Metodo Toddler \u2013 8DC &#8211; QUIZ FUNNEL &#8211; Supershort"},"content":{"rendered":"\t\t<div data-elementor-type=\"wp-page\" data-elementor-id=\"17129\" class=\"elementor elementor-17129\" data-elementor-post-type=\"page\">\n\t\t\t\t\t\t<section class=\"elementor-section elementor-top-section elementor-element elementor-element-7a120ecd elementor-section-boxed elementor-section-height-default elementor-section-height-default\" data-id=\"7a120ecd\" data-element_type=\"section\" data-e-type=\"section\" data-settings=\"{&quot;background_background&quot;:&quot;classic&quot;}\">\n\t\t\t\t\t\t<div class=\"elementor-container elementor-column-gap-no\">\n\t\t\t\t\t<div class=\"elementor-column elementor-col-100 elementor-top-column elementor-element elementor-element-6dc830f8\" data-id=\"6dc830f8\" data-element_type=\"column\" data-e-type=\"column\" data-settings=\"{&quot;background_background&quot;:&quot;classic&quot;}\">\n\t\t\t<div class=\"elementor-widget-wrap elementor-element-populated\">\n\t\t\t\t\t\t<section class=\"elementor-section elementor-inner-section elementor-element elementor-element-353cc91b elementor-section-full_width elementor-section-height-default elementor-section-height-default\" data-id=\"353cc91b\" data-element_type=\"section\" data-e-type=\"section\" data-settings=\"{&quot;background_background&quot;:&quot;classic&quot;}\">\n\t\t\t\t\t\t<div class=\"elementor-container elementor-column-gap-no\">\n\t\t\t\t\t<div class=\"elementor-column elementor-col-100 elementor-inner-column elementor-element elementor-element-5b36bb71\" data-id=\"5b36bb71\" data-element_type=\"column\" data-e-type=\"column\">\n\t\t\t<div class=\"elementor-widget-wrap elementor-element-populated\">\n\t\t\t\t\t\t<div class=\"elementor-element elementor-element-a4b3bf5 elementor-widget elementor-widget-heading\" data-id=\"a4b3bf5\" data-element_type=\"widget\" data-e-type=\"widget\" data-widget_type=\"heading.default\">\n\t\t\t\t<div class=\"elementor-widget-container\">\n\t\t\t\t\t<h6 class=\"elementor-heading-title elementor-size-default\">Advertorial<\/h6>\t\t\t\t<\/div>\n\t\t\t\t<\/div>\n\t\t\t\t<div class=\"elementor-element elementor-element-62a84d40 elementor-widget elementor-widget-heading\" data-id=\"62a84d40\" data-element_type=\"widget\" data-e-type=\"widget\" data-widget_type=\"heading.default\">\n\t\t\t\t<div class=\"elementor-widget-container\">\n\t\t\t\t\t<h1 class=\"elementor-heading-title elementor-size-default\"><b><b>Qual \u00e8 il tuo livello d\u2019inglese attuale? Poliglotta che parla 6 lingue ha creato un Quiz Gratuito per scoprirlo in 90 secondi! \n<\/b><\/b><\/h1>\t\t\t\t<\/div>\n\t\t\t\t<\/div>\n\t\t\t\t<div class=\"elementor-element elementor-element-523ed1e4 elementor-widget elementor-widget-heading\" data-id=\"523ed1e4\" data-element_type=\"widget\" data-e-type=\"widget\" data-widget_type=\"heading.default\">\n\t\t\t\t<div class=\"elementor-widget-container\">\n\t\t\t\t\t<h2 class=\"elementor-heading-title elementor-size-default\">di Alberto Spagnoli<\/h2>\t\t\t\t<\/div>\n\t\t\t\t<\/div>\n\t\t\t\t<div class=\"elementor-element elementor-element-7e13230 elementor-widget elementor-widget-text-editor\" data-id=\"7e13230\" data-element_type=\"widget\" data-e-type=\"widget\" data-widget_type=\"text-editor.default\">\n\t\t\t\t<div class=\"elementor-widget-container\">\n\t\t\t\t\t\t\t\t\t<p id=\"oggititolo\">15 giugno 2023<\/p>\t\t\t\t\t\t\t\t<\/div>\n\t\t\t\t<\/div>\n\t\t\t\t<div class=\"elementor-element elementor-element-2799a88 elementor-widget elementor-widget-html\" data-id=\"2799a88\" data-element_type=\"widget\" data-e-type=\"widget\" data-widget_type=\"html.default\">\n\t\t\t\t<div class=\"elementor-widget-container\">\n\t\t\t\t\t\r\n<script>\r\nvar d = new Date();\r\ndocument.getElementById('oggititolo').innerHTML = d.toLocaleDateString();\r\n<\/script>\t\t\t\t<\/div>\n\t\t\t\t<\/div>\n\t\t\t\t<div class=\"elementor-element elementor-element-543fc1c7 elementor-widget elementor-widget-image\" data-id=\"543fc1c7\" data-element_type=\"widget\" data-e-type=\"widget\" data-widget_type=\"image.default\">\n\t\t\t\t<div class=\"elementor-widget-container\">\n\t\t\t\t\t\t\t\t\t\t\t\t\t\t\t<img fetchpriority=\"high\" decoding=\"async\" width=\"2560\" height=\"1280\" src=\"https:\/\/destinazione-suditalia.com\/wp-content\/uploads\/2024\/05\/Untitled-design-scaled.jpg\" class=\"attachment-full size-full wp-image-6754\" alt=\"\" srcset=\"https:\/\/destinazione-suditalia.com\/wp-content\/uploads\/2024\/05\/Untitled-design-scaled.jpg 2560w, https:\/\/destinazione-suditalia.com\/wp-content\/uploads\/2024\/05\/Untitled-design-300x150.jpg 300w, https:\/\/destinazione-suditalia.com\/wp-content\/uploads\/2024\/05\/Untitled-design-1024x512.jpg 1024w, https:\/\/destinazione-suditalia.com\/wp-content\/uploads\/2024\/05\/Untitled-design-768x384.jpg 768w, https:\/\/destinazione-suditalia.com\/wp-content\/uploads\/2024\/05\/Untitled-design-1536x768.jpg 1536w, https:\/\/destinazione-suditalia.com\/wp-content\/uploads\/2024\/05\/Untitled-design-2048x1024.jpg 2048w\" sizes=\"(max-width: 2560px) 100vw, 2560px\" \/>\t\t\t\t\t\t\t\t\t\t\t\t\t\t\t<\/div>\n\t\t\t\t<\/div>\n\t\t\t\t<div class=\"elementor-element elementor-element-19fa7c6d elementor-widget elementor-widget-text-editor\" data-id=\"19fa7c6d\" data-element_type=\"widget\" data-e-type=\"widget\" data-widget_type=\"text-editor.default\">\n\t\t\t\t<div class=\"elementor-widget-container\">\n\t\t\t\t\t\t\t\t\t<p><span style=\"font-weight: 400;\">Hai tentato d\u2019imparare l\u2019inglese ma hai fallito?<\/span><\/p><p><span style=\"font-weight: 400;\">Se ti trovi in questa situazione, non preoccuparti. Sei in buona compagnia.<\/span><\/p><p><span style=\"font-weight: 400;\">Secondo delle recenti statistiche, il 93,7% degli italiani dicono di non saper parlare bene inglese nonostante l\u2019abbiano studiato a scuola per anni.<\/span><\/p><p><i><span style=\"font-weight: 400;\">\u201cLa maggior parte delle persone con cui parlo<\/span><\/i><b><i> credono di essere negate con l\u2019inglese.<\/i><\/b><i><span style=\"font-weight: 400;\"> Ma non \u00e8 cos\u00ec, la mia storia ne \u00e8 la prova!\u201d<\/span><\/i><\/p><p><span style=\"font-weight: 400;\">Ecco quello che afferma Fabio Maccagnan, \u201cex negato in inglese\u201d, oggi poliglotta che parla ben 6 lingue, imparate tutte in et\u00e0 adulta.<\/span><\/p><p><i><span style=\"font-weight: 400;\">\u201cNon studio mai la grammatica e non imparo mai con quei noiosissimi manuali di lingue\u201d,<\/span><\/i><span style=\"font-weight: 400;\"> ci dice Fabio con un sorriso.<\/span><\/p><p><span style=\"font-weight: 400;\">In questi anni Fabio ha ricevuto molta attenzione da parte di giornali e media, poich\u00e9 \u00e8 riuscito a insegnare l\u2019inglese a pi\u00f9 di 45.000 italiani di tutte le et\u00e0.<\/span><\/p><p><span style=\"font-weight: 400;\">Tutto questo senza fargli studiare grammatica, imparare vocaboli a mente o usare le app di lingue.\u00a0<\/span><\/p><p><b>Il suo metodo \u00e8 considerato rivoluzionario perch\u00e9 permette di iniziare a parlare questa lingua in 8 giorni!\u00a0<\/b><\/p><p><i><span style=\"font-weight: 400;\">\u201cPrima di tutto tengo a dire una cosa a chi sta leggendo:<\/span><\/i><\/p><p><i><span style=\"font-weight: 400;\">\u201c<\/span><\/i><b><i>Se hai fallito a imparare l\u2019inglese fino ad oggi, non \u00e8 colpa tua.\u201d<\/i><\/b><\/p><p><i><span style=\"font-weight: 400;\">\u00c8 il sistema scolastico che ti ha rovinato facendoti credere di non essere \u201cportato\u201d per le lingue.<\/span><\/i><\/p><p><i><span style=\"font-weight: 400;\">Ma la colpa \u00e8 dei loro metodi di studio pesanti e noiosi, che non si sono evoluti dalla fine dell\u2019Ottocento.\u201d<\/span><\/i><\/p>\t\t\t\t\t\t\t\t<\/div>\n\t\t\t\t<\/div>\n\t\t\t\t<div class=\"elementor-element elementor-element-5923051b elementor-widget elementor-widget-heading\" data-id=\"5923051b\" data-element_type=\"widget\" data-e-type=\"widget\" id=\"ViewLEAD\" data-widget_type=\"heading.default\">\n\t\t\t\t<div class=\"elementor-widget-container\">\n\t\t\t\t\t<h2 class=\"elementor-heading-title elementor-size-default\"><b>Come iniziare a parlare inglese in soli 8 giorni? \n<\/b><\/h2>\t\t\t\t<\/div>\n\t\t\t\t<\/div>\n\t\t\t\t<div class=\"elementor-element elementor-element-2910bcd8 elementor-widget elementor-widget-text-editor\" data-id=\"2910bcd8\" data-element_type=\"widget\" data-e-type=\"widget\" data-widget_type=\"text-editor.default\">\n\t\t\t\t<div class=\"elementor-widget-container\">\n\t\t\t\t\t\t\t\t\t<p><b>Il primo passo da fare \u00e8 scoprire qual \u00e8 il tuo livello attuale!\u00a0<\/b><\/p><p><span style=\"font-weight: 400;\">Per questo motivo, Fabio ha creato <\/span><b>un breve Quiz che ti permetter\u00e0 di scoprirlo in meno di 90 secondi!\u00a0<\/b><\/p><p><span style=\"font-weight: 400;\">Il <\/span><b>Quiz \u00e8<\/b> <b>completamente gratuito<\/b><span style=\"font-weight: 400;\">, ed \u00e8 gi\u00e0 stato usato da migliaia di italiani per scoprire qual \u00e8 il loro punto di partenza.\u00a0<\/span><\/p><p><span style=\"font-weight: 400;\">Una volta terminato il Quiz, potrai accedere, sempre gratuitamente, a una lezione d\u2019inglese adatta al tuo livello.\u00a0<\/span><\/p><p><span style=\"font-weight: 400;\">Cos\u00ec potrai muovere i primi passi verso la padronanza di questa lingua cos\u00ec importante.\u00a0<\/span><\/p><p><span style=\"font-weight: 400;\">Ecco cosa fare:\u00a0<\/span><b><\/b><\/p><ul><li aria-level=\"1\"><b>Clicca sul bottone qui sotto e inizia il Quiz<\/b><\/li><li aria-level=\"1\"><b>Scopri il tuo livello d\u2019inglese attuale in meno di 90 secondi\u00a0<\/b><\/li><li aria-level=\"1\"><b>Guarda la lezione gratuita pensata proprio per il tuo livello\u00a0<\/b><\/li><\/ul><p><i><span style=\"font-weight: 400;\">\u201cUsando questo approccio, ho gi\u00e0 aiutato pi\u00f9 di 45.000 italiani di tutte le et\u00e0 che si consideravano \u201cnegati\u201d a comunicare in inglese\u201d.<\/span><\/i><\/p><p><i><span style=\"font-weight: 400;\">Mi viene in mente un mio studente, Angelo, un medico chirurgo che ha imparato l\u2019inglese in poche settimane grazie al mio metodo, dopo averlo studiato inutilmente per anni\u2026<\/span><\/i><\/p><p><i><span style=\"font-weight: 400;\">Grazie alla sua nuova capacit\u00e0 linguistica, ha riscoperto anche il suo amore per il viaggio.<\/span><\/i><\/p><p><i><span style=\"font-weight: 400;\">O Franco che, dopo non aver mai parlato inglese per tutta la vita, l\u2019ha imparato in poco tempo all\u2019et\u00e0 di 83 anni!<\/span><\/i><\/p><p><span style=\"font-weight: 400;\">Adesso tocca a te!\u00a0<\/span><\/p>\t\t\t\t\t\t\t\t<\/div>\n\t\t\t\t<\/div>\n\t\t\t\t<div class=\"elementor-element elementor-element-294599c but1 elementor-widget elementor-widget-button\" data-id=\"294599c\" data-element_type=\"widget\" data-e-type=\"widget\" data-widget_type=\"button.default\">\n\t\t\t\t<div class=\"elementor-widget-container\">\n\t\t\t\t\t\t\t\t\t<div class=\"elementor-button-wrapper\">\n\t\t\t\t\t<a class=\"elementor-button elementor-button-link elementor-size-xl\" href=\"#form\">\n\t\t\t\t\t\t<span class=\"elementor-button-content-wrapper\">\n\t\t\t\t\t\t\t\t\t<span class=\"elementor-button-text\">Scopri il tuo livello d\u2019inglese in 90 secondi - Inizia il Quiz Gratuito! <\/span>\n\t\t\t\t\t<\/span>\n\t\t\t\t\t<\/a>\n\t\t\t\t<\/div>\n\t\t\t\t\t\t\t\t<\/div>\n\t\t\t\t<\/div>\n\t\t\t\t\t<\/div>\n\t\t<\/div>\n\t\t\t\t\t<\/div>\n\t\t<\/section>\n\t\t\t\t\t<\/div>\n\t\t<\/div>\n\t\t\t\t\t<\/div>\n\t\t<\/section>\n\t\t\t\t<section class=\"elementor-section elementor-top-section elementor-element elementor-element-a5e1bb0 elementor-section-boxed elementor-section-height-default elementor-section-height-default\" data-id=\"a5e1bb0\" data-element_type=\"section\" data-e-type=\"section\" data-settings=\"{&quot;background_background&quot;:&quot;classic&quot;}\">\n\t\t\t\t\t\t<div class=\"elementor-container elementor-column-gap-default\">\n\t\t\t\t\t<div class=\"elementor-column elementor-col-100 elementor-top-column elementor-element elementor-element-393764ac\" data-id=\"393764ac\" data-element_type=\"column\" data-e-type=\"column\">\n\t\t\t<div class=\"elementor-widget-wrap elementor-element-populated\">\n\t\t\t\t\t\t<section class=\"elementor-section elementor-inner-section elementor-element elementor-element-3d52bab elementor-section-full_width elementor-section-height-default elementor-section-height-default\" data-id=\"3d52bab\" data-element_type=\"section\" data-e-type=\"section\" data-settings=\"{&quot;background_background&quot;:&quot;classic&quot;}\">\n\t\t\t\t\t\t<div class=\"elementor-container elementor-column-gap-no\">\n\t\t\t\t\t<div class=\"elementor-column elementor-col-100 elementor-inner-column elementor-element elementor-element-54bb448c\" data-id=\"54bb448c\" data-element_type=\"column\" data-e-type=\"column\">\n\t\t\t<div class=\"elementor-widget-wrap elementor-element-populated\">\n\t\t\t\t\t\t<div class=\"elementor-element elementor-element-196e4da9 elementor-widget-divider--view-line elementor-widget elementor-widget-divider\" data-id=\"196e4da9\" data-element_type=\"widget\" data-e-type=\"widget\" data-widget_type=\"divider.default\">\n\t\t\t\t<div class=\"elementor-widget-container\">\n\t\t\t\t\t\t\t<div class=\"elementor-divider\">\n\t\t\t<span class=\"elementor-divider-separator\">\n\t\t\t\t\t\t<\/span>\n\t\t<\/div>\n\t\t\t\t\t\t<\/div>\n\t\t\t\t<\/div>\n\t\t\t\t<div class=\"elementor-element elementor-element-1ae5289a elementor-widget elementor-widget-text-editor\" data-id=\"1ae5289a\" data-element_type=\"widget\" data-e-type=\"widget\" data-widget_type=\"text-editor.default\">\n\t\t\t\t<div class=\"elementor-widget-container\">\n\t\t\t\t\t\t\t\t\t<p>Autore:<b> Alberto Spagnoli<\/b><\/p><p>Laureato in Lingue e Culture Straniere, appassionato di viaggi e musica, Alberto \u00e8 autore del blog &#8220;Lingue-facili.com&#8221; dal 2020<\/p>\t\t\t\t\t\t\t\t<\/div>\n\t\t\t\t<\/div>\n\t\t\t\t<div class=\"elementor-element elementor-element-1ed81f5c elementor-widget-divider--view-line elementor-widget elementor-widget-divider\" data-id=\"1ed81f5c\" data-element_type=\"widget\" data-e-type=\"widget\" data-widget_type=\"divider.default\">\n\t\t\t\t<div class=\"elementor-widget-container\">\n\t\t\t\t\t\t\t<div class=\"elementor-divider\">\n\t\t\t<span class=\"elementor-divider-separator\">\n\t\t\t\t\t\t<\/span>\n\t\t<\/div>\n\t\t\t\t\t\t<\/div>\n\t\t\t\t<\/div>\n\t\t\t\t<div class=\"elementor-element elementor-element-36540ddf elementor-widget elementor-widget-spacer\" data-id=\"36540ddf\" data-element_type=\"widget\" data-e-type=\"widget\" data-widget_type=\"spacer.default\">\n\t\t\t\t<div class=\"elementor-widget-container\">\n\t\t\t\t\t\t\t<div class=\"elementor-spacer\">\n\t\t\t<div class=\"elementor-spacer-inner\"><\/div>\n\t\t<\/div>\n\t\t\t\t\t\t<\/div>\n\t\t\t\t<\/div>\n\t\t\t\t<div class=\"elementor-element elementor-element-33750820 elementor-widget elementor-widget-text-editor\" data-id=\"33750820\" data-element_type=\"widget\" data-e-type=\"widget\" data-widget_type=\"text-editor.default\">\n\t\t\t\t<div class=\"elementor-widget-container\">\n\t\t\t\t\t\t\t\t\t<p>2025 Tutti i Diritti Riservati\u00a0 \u2013 <a href=\"https:\/\/metodotoddler.com\/cookie-policy\/\">Cookie Policy<\/a> \u2013 <a href=\"https:\/\/metodotoddler.com\/privacy-policy\/\">Privacy Policy<\/a> \u2014 info@metodotoddler.com<\/p>\t\t\t\t\t\t\t\t<\/div>\n\t\t\t\t<\/div>\n\t\t\t\t<div class=\"elementor-element elementor-element-36105968 elementor-widget elementor-widget-text-editor\" data-id=\"36105968\" data-element_type=\"widget\" data-e-type=\"widget\" data-widget_type=\"text-editor.default\">\n\t\t\t\t<div class=\"elementor-widget-container\">\n\t\t\t\t\t\t\t\t\t<div id=\"lp-pom-text-389\" class=\"lp-element lp-pom-text nlh\"><p><span style=\"color: var( --e-global-color-text ); font-family: var( --e-global-typography-text-font-family ), Sans-serif; font-weight: var( --e-global-typography-text-font-weight );\">Nulla in questa pagina \u00e8 una promessa o garanzia di risultati con Metodo Toddler. Tutti i casi\/testimonianze a cui si fa riferimento qui sono solo rappresentativi e non devono essere considerati garanzie o promesse.<\/span><\/p><\/div>\t\t\t\t\t\t\t\t<\/div>\n\t\t\t\t<\/div>\n\t\t\t\t<div class=\"elementor-element elementor-element-54b37a94 elementor-widget elementor-widget-text-editor\" data-id=\"54b37a94\" data-element_type=\"widget\" data-e-type=\"widget\" data-widget_type=\"text-editor.default\">\n\t\t\t\t<div class=\"elementor-widget-container\">\n\t\t\t\t\t\t\t\t\t<p>QUESTA PAGINA WEB NON RAPPRESENTA UNA TESTATA GIORNALISTICA, UN SITO DI INFORMAZIONE O UN BLOG. SI TRATTA DI UNA PAGINA WEB FINALIZZATA ALLE PUBBLICAZIONI PROMOZIONALI CHE IMPIEGANO LA TECNICA DELLO STORYTELLING PER ILLUSTRARE LA PORTATA DEI SERVIZI E DEI PRODOTTI PROPOSTI. LA STORIA RACCONTATA IN QUESTA PAGINA COSTITUISCE UN ADVERTORIAL O PUBBLICIT\u00c0 A SCOPO INFORMATIVO, FUNZIONALE A FAR COMPRENDERE IL POTENZIALE DI QUANTO PROPOSTO. I RISULTATI INDICATI POSSONO VARIARE DA PERSONA A PERSONA E NON SONO GARANTITI.<\/p>\t\t\t\t\t\t\t\t<\/div>\n\t\t\t\t<\/div>\n\t\t\t\t\t<\/div>\n\t\t<\/div>\n\t\t\t\t\t<\/div>\n\t\t<\/section>\n\t\t\t\t\t<\/div>\n\t\t<\/div>\n\t\t\t\t\t<\/div>\n\t\t<\/section>\n\t\t\t\t<\/div>\n\t\t","protected":false},"excerpt":{"rendered":"<p>Advertorial Qual \u00e8 il tuo livello d\u2019inglese attuale? Poliglotta che parla 6 lingue ha creato un Quiz Gratuito per scoprirlo in 90 secondi! di Alberto Spagnoli 15 giugno 2023 Hai tentato d\u2019imparare l\u2019inglese ma hai fallito? Se ti trovi in questa situazione, non preoccuparti. Sei in buona compagnia. Secondo delle recenti statistiche, il 93,7% degli [&hellip;]<\/p>\n","protected":false},"author":9,"featured_media":0,"parent":0,"menu_order":0,"comment_status":"closed","ping_status":"closed","template":"elementor_canvas","meta":{"footnotes":""},"folder":[69],"class_list":["post-17129","page","type-page","status-publish","hentry"],"yoast_head":"<!-- This site is optimized with the Yoast SEO plugin v27.4 - https:\/\/yoast.com\/product\/yoast-seo-wordpress\/ -->\n<title>Lingue-facili.com<\/title>\n<meta name=\"robots\" content=\"index, follow, max-snippet:-1, max-image-preview:large, max-video-preview:-1\" \/>\n<link rel=\"canonical\" href=\"https:\/\/terapie-efficaci.com\/index.php\/toddler-8dc-quiz-supershort-a1-adv\/\" \/>\n<meta property=\"og:locale\" content=\"it_IT\" \/>\n<meta property=\"og:type\" content=\"article\" \/>\n<meta property=\"og:title\" content=\"Lingue-facili.com\" \/>\n<meta property=\"og:description\" content=\"Advertorial Qual \u00e8 il tuo livello d\u2019inglese attuale? Poliglotta che parla 6 lingue ha creato un Quiz Gratuito per scoprirlo in 90 secondi! di Alberto Spagnoli 15 giugno 2023 Hai tentato d\u2019imparare l\u2019inglese ma hai fallito? Se ti trovi in questa situazione, non preoccuparti. Sei in buona compagnia. Secondo delle recenti statistiche, il 93,7% degli [&hellip;]\" \/>\n<meta property=\"og:url\" content=\"https:\/\/terapie-efficaci.com\/index.php\/toddler-8dc-quiz-supershort-a1-adv\/\" \/>\n<meta property=\"og:site_name\" content=\"Notizie Aggiornate\" \/>\n<meta property=\"article:modified_time\" content=\"2026-02-18T17:28:47+00:00\" \/>\n<meta property=\"og:image\" content=\"https:\/\/caricamento-articolo-in-corso.com\/wp-content\/uploads\/2024\/05\/Untitled-design-scaled.jpg\" \/>\n<meta name=\"twitter:card\" content=\"summary_large_image\" \/>\n<meta name=\"twitter:label1\" content=\"Tempo di lettura stimato\" \/>\n\t<meta name=\"twitter:data1\" content=\"4 minuti\" \/>\n<script type=\"application\/ld+json\" class=\"yoast-schema-graph\">{\"@context\":\"https:\\\/\\\/schema.org\",\"@graph\":[{\"@type\":\"WebPage\",\"@id\":\"https:\\\/\\\/terapie-efficaci.com\\\/index.php\\\/toddler-8dc-quiz-supershort-a1-adv\\\/\",\"url\":\"https:\\\/\\\/terapie-efficaci.com\\\/index.php\\\/toddler-8dc-quiz-supershort-a1-adv\\\/\",\"name\":\"Lingue-facili.com\",\"isPartOf\":{\"@id\":\"https:\\\/\\\/terapie-efficaci.com\\\/#website\"},\"primaryImageOfPage\":{\"@id\":\"https:\\\/\\\/terapie-efficaci.com\\\/index.php\\\/toddler-8dc-quiz-supershort-a1-adv\\\/#primaryimage\"},\"image\":{\"@id\":\"https:\\\/\\\/terapie-efficaci.com\\\/index.php\\\/toddler-8dc-quiz-supershort-a1-adv\\\/#primaryimage\"},\"thumbnailUrl\":\"https:\\\/\\\/caricamento-articolo-in-corso.com\\\/wp-content\\\/uploads\\\/2024\\\/05\\\/Untitled-design-scaled.jpg\",\"datePublished\":\"2026-02-18T17:09:54+00:00\",\"dateModified\":\"2026-02-18T17:28:47+00:00\",\"breadcrumb\":{\"@id\":\"https:\\\/\\\/terapie-efficaci.com\\\/index.php\\\/toddler-8dc-quiz-supershort-a1-adv\\\/#breadcrumb\"},\"inLanguage\":\"it-IT\",\"potentialAction\":[{\"@type\":\"ReadAction\",\"target\":[\"https:\\\/\\\/terapie-efficaci.com\\\/index.php\\\/toddler-8dc-quiz-supershort-a1-adv\\\/\"]}]},{\"@type\":\"ImageObject\",\"inLanguage\":\"it-IT\",\"@id\":\"https:\\\/\\\/terapie-efficaci.com\\\/index.php\\\/toddler-8dc-quiz-supershort-a1-adv\\\/#primaryimage\",\"url\":\"https:\\\/\\\/caricamento-articolo-in-corso.com\\\/wp-content\\\/uploads\\\/2024\\\/05\\\/Untitled-design-scaled.jpg\",\"contentUrl\":\"https:\\\/\\\/caricamento-articolo-in-corso.com\\\/wp-content\\\/uploads\\\/2024\\\/05\\\/Untitled-design-scaled.jpg\"},{\"@type\":\"BreadcrumbList\",\"@id\":\"https:\\\/\\\/terapie-efficaci.com\\\/index.php\\\/toddler-8dc-quiz-supershort-a1-adv\\\/#breadcrumb\",\"itemListElement\":[{\"@type\":\"ListItem\",\"position\":1,\"name\":\"Home\",\"item\":\"https:\\\/\\\/terapie-efficaci.com\\\/\"},{\"@type\":\"ListItem\",\"position\":2,\"name\":\"Metodo Toddler \u2013 8DC &#8211; QUIZ FUNNEL &#8211; Supershort\"}]},{\"@type\":\"WebSite\",\"@id\":\"https:\\\/\\\/terapie-efficaci.com\\\/#website\",\"url\":\"https:\\\/\\\/terapie-efficaci.com\\\/\",\"name\":\"Notizie Aggiornate\",\"description\":\"\",\"potentialAction\":[{\"@type\":\"SearchAction\",\"target\":{\"@type\":\"EntryPoint\",\"urlTemplate\":\"https:\\\/\\\/terapie-efficaci.com\\\/?s={search_term_string}\"},\"query-input\":{\"@type\":\"PropertyValueSpecification\",\"valueRequired\":true,\"valueName\":\"search_term_string\"}}],\"inLanguage\":\"it-IT\"}]}<\/script>\n<!-- \/ Yoast SEO plugin. -->","yoast_head_json":{"title":"Lingue-facili.com","robots":{"index":"index","follow":"follow","max-snippet":"max-snippet:-1","max-image-preview":"max-image-preview:large","max-video-preview":"max-video-preview:-1"},"canonical":"https:\/\/terapie-efficaci.com\/index.php\/toddler-8dc-quiz-supershort-a1-adv\/","og_locale":"it_IT","og_type":"article","og_title":"Lingue-facili.com","og_description":"Advertorial Qual \u00e8 il tuo livello d\u2019inglese attuale? Poliglotta che parla 6 lingue ha creato un Quiz Gratuito per scoprirlo in 90 secondi! di Alberto Spagnoli 15 giugno 2023 Hai tentato d\u2019imparare l\u2019inglese ma hai fallito? Se ti trovi in questa situazione, non preoccuparti. Sei in buona compagnia. Secondo delle recenti statistiche, il 93,7% degli [&hellip;]","og_url":"https:\/\/terapie-efficaci.com\/index.php\/toddler-8dc-quiz-supershort-a1-adv\/","og_site_name":"Notizie Aggiornate","article_modified_time":"2026-02-18T17:28:47+00:00","og_image":[{"url":"https:\/\/caricamento-articolo-in-corso.com\/wp-content\/uploads\/2024\/05\/Untitled-design-scaled.jpg","type":"","width":"","height":""}],"twitter_card":"summary_large_image","twitter_misc":{"Tempo di lettura stimato":"4 minuti"},"schema":{"@context":"https:\/\/schema.org","@graph":[{"@type":"WebPage","@id":"https:\/\/terapie-efficaci.com\/index.php\/toddler-8dc-quiz-supershort-a1-adv\/","url":"https:\/\/terapie-efficaci.com\/index.php\/toddler-8dc-quiz-supershort-a1-adv\/","name":"Lingue-facili.com","isPartOf":{"@id":"https:\/\/terapie-efficaci.com\/#website"},"primaryImageOfPage":{"@id":"https:\/\/terapie-efficaci.com\/index.php\/toddler-8dc-quiz-supershort-a1-adv\/#primaryimage"},"image":{"@id":"https:\/\/terapie-efficaci.com\/index.php\/toddler-8dc-quiz-supershort-a1-adv\/#primaryimage"},"thumbnailUrl":"https:\/\/caricamento-articolo-in-corso.com\/wp-content\/uploads\/2024\/05\/Untitled-design-scaled.jpg","datePublished":"2026-02-18T17:09:54+00:00","dateModified":"2026-02-18T17:28:47+00:00","breadcrumb":{"@id":"https:\/\/terapie-efficaci.com\/index.php\/toddler-8dc-quiz-supershort-a1-adv\/#breadcrumb"},"inLanguage":"it-IT","potentialAction":[{"@type":"ReadAction","target":["https:\/\/terapie-efficaci.com\/index.php\/toddler-8dc-quiz-supershort-a1-adv\/"]}]},{"@type":"ImageObject","inLanguage":"it-IT","@id":"https:\/\/terapie-efficaci.com\/index.php\/toddler-8dc-quiz-supershort-a1-adv\/#primaryimage","url":"https:\/\/caricamento-articolo-in-corso.com\/wp-content\/uploads\/2024\/05\/Untitled-design-scaled.jpg","contentUrl":"https:\/\/caricamento-articolo-in-corso.com\/wp-content\/uploads\/2024\/05\/Untitled-design-scaled.jpg"},{"@type":"BreadcrumbList","@id":"https:\/\/terapie-efficaci.com\/index.php\/toddler-8dc-quiz-supershort-a1-adv\/#breadcrumb","itemListElement":[{"@type":"ListItem","position":1,"name":"Home","item":"https:\/\/terapie-efficaci.com\/"},{"@type":"ListItem","position":2,"name":"Metodo Toddler \u2013 8DC &#8211; QUIZ FUNNEL &#8211; Supershort"}]},{"@type":"WebSite","@id":"https:\/\/terapie-efficaci.com\/#website","url":"https:\/\/terapie-efficaci.com\/","name":"Notizie Aggiornate","description":"","potentialAction":[{"@type":"SearchAction","target":{"@type":"EntryPoint","urlTemplate":"https:\/\/terapie-efficaci.com\/?s={search_term_string}"},"query-input":{"@type":"PropertyValueSpecification","valueRequired":true,"valueName":"search_term_string"}}],"inLanguage":"it-IT"}]}},"_links":{"self":[{"href":"https:\/\/destinazione-suditalia.com\/index.php\/wp-json\/wp\/v2\/pages\/17129","targetHints":{"allow":["GET"]}}],"collection":[{"href":"https:\/\/destinazione-suditalia.com\/index.php\/wp-json\/wp\/v2\/pages"}],"about":[{"href":"https:\/\/destinazione-suditalia.com\/index.php\/wp-json\/wp\/v2\/types\/page"}],"author":[{"embeddable":true,"href":"https:\/\/destinazione-suditalia.com\/index.php\/wp-json\/wp\/v2\/users\/9"}],"replies":[{"embeddable":true,"href":"https:\/\/destinazione-suditalia.com\/index.php\/wp-json\/wp\/v2\/comments?post=17129"}],"version-history":[{"count":8,"href":"https:\/\/destinazione-suditalia.com\/index.php\/wp-json\/wp\/v2\/pages\/17129\/revisions"}],"predecessor-version":[{"id":17144,"href":"https:\/\/destinazione-suditalia.com\/index.php\/wp-json\/wp\/v2\/pages\/17129\/revisions\/17144"}],"wp:attachment":[{"href":"https:\/\/destinazione-suditalia.com\/index.php\/wp-json\/wp\/v2\/media?parent=17129"}],"wp:term":[{"taxonomy":"folder","embeddable":true,"href":"https:\/\/destinazione-suditalia.com\/index.php\/wp-json\/wp\/v2\/folder?post=17129"}],"curies":[{"name":"wp","href":"https:\/\/api.w.org\/{rel}","templated":true}]}}