{"id":12323,"date":"2025-03-25T21:28:15","date_gmt":"2025-03-25T20:28:15","guid":{"rendered":"http:\/\/18.159.216.47\/?page_id=12323"},"modified":"2025-05-02T21:15:32","modified_gmt":"2025-05-02T19:15:32","slug":"oligenesi-vsl-page-control","status":"publish","type":"page","link":"https:\/\/destinazione-suditalia.com\/index.php\/oligenesi-vsl-page-control\/","title":{"rendered":"Oligenesi \u2013 VSL Page \u2013 Control &#8211; Delay"},"content":{"rendered":"\t\t<div data-elementor-type=\"wp-page\" data-elementor-id=\"12323\" class=\"elementor elementor-12323\" data-elementor-post-type=\"page\">\n\t\t\t\t\t\t<section class=\"elementor-section elementor-top-section elementor-element elementor-element-119e0b4a elementor-section-boxed elementor-section-height-default elementor-section-height-default\" data-id=\"119e0b4a\" data-element_type=\"section\" data-e-type=\"section\" data-settings=\"{&quot;background_background&quot;:&quot;classic&quot;}\">\n\t\t\t\t\t\t<div class=\"elementor-container elementor-column-gap-default\">\n\t\t\t\t\t<div class=\"elementor-column elementor-col-100 elementor-top-column elementor-element elementor-element-12c88e3d\" data-id=\"12c88e3d\" data-element_type=\"column\" data-e-type=\"column\">\n\t\t\t<div class=\"elementor-widget-wrap elementor-element-populated\">\n\t\t\t\t\t\t<div class=\"elementor-element elementor-element-567f404f elementor-widget elementor-widget-heading\" data-id=\"567f404f\" data-element_type=\"widget\" data-e-type=\"widget\" data-widget_type=\"heading.default\">\n\t\t\t\t<div class=\"elementor-widget-container\">\n\t\t\t\t\t<p class=\"elementor-heading-title elementor-size-default\">(Lezione Gratuita Completa) <br> <u>Da Zero a Massaggiatore Professionista<\/u> grazie al Metodo MCA <\/p>\t\t\t\t<\/div>\n\t\t\t\t<\/div>\n\t\t\t\t<div class=\"elementor-element elementor-element-70e8fa2e elementor-hidden-mobile elementor-widget elementor-widget-text-editor\" data-id=\"70e8fa2e\" data-element_type=\"widget\" data-e-type=\"widget\" data-widget_type=\"text-editor.default\">\n\t\t\t\t<div class=\"elementor-widget-container\">\n\t\t\t\t\t\t\t\t\t<p>Nei prossimi minuti, scoprirai:\u00a0<\/p><p>\u2014 Come <span style=\"text-decoration: underline;\">farsi pagare da \u20ac60 in s\u00f9 per un massaggio<\/span> (con le giuste strategie si pu\u00f2 far pagare molto di pi\u00f9)<\/p><p>\u2014 <span style=\"text-decoration: underline;\">I 5 motivi per cui il Massaggiatore Olistico \u00e8 il lavoro \u201cideale\u201d<\/span> per chi sogna una vita pi\u00f9 libera e appagante<\/p><p>\u2014<span style=\"text-decoration: underline;\"> Il Metodo MCA, rivelato:<\/span> quel sistema creato in 30 anni d&#8217;esperienza che ti permette di diventare un massaggiatore olistico professionista partendo da ZERO\u00a0<\/p><p>\u2014 Come scoprire, senza ombra di dubbio, <span style=\"text-decoration: underline;\">se il Massaggio Olistico \u00e8 la professione che fa per te!<\/span>\u00a0<\/p>\t\t\t\t\t\t\t\t<\/div>\n\t\t\t\t<\/div>\n\t\t\t\t<div class=\"elementor-element elementor-element-f41e08f elementor-widget elementor-widget-html\" data-id=\"f41e08f\" data-element_type=\"widget\" data-e-type=\"widget\" data-widget_type=\"html.default\">\n\t\t\t\t<div class=\"elementor-widget-container\">\n\t\t\t\t\t<div style=\"padding:56.25% 0 0 0;position:relative;\"><iframe id=\"vimeo-player\" src=\"https:\/\/player.vimeo.com\/video\/1065174195?h=66f6fe6b74&amp;badge=0&amp;autopause=0&amp;player_id=0&amp;app_id=58479\" frameborder=\"0\" allow=\"autoplay; fullscreen; picture-in-picture; clipboard-write; encrypted-media\" style=\"position:absolute;top:0;left:0;width:100%;height:100%;\" title=\"VSL - Oligenesi\"><\/iframe><\/div><script src=\"https:\/\/player.vimeo.com\/api\/player.js\"><\/script>\n\n<script>\ndocument.addEventListener('DOMContentLoaded', function() {\n  var iframe    = document.getElementById('vimeo-player');\n  var player    = new Vimeo.Player(iframe);\n  var sogliaSec = 1799;\n  var shown     = false;\n  var lead = 300;\n  var shown_lead = false;\n  var body = 900;\n  var shown_body = false;\n\n  player.on('timeupdate', function(data) {\n    if (!shown && data.seconds >= sogliaSec) {\n      shown = true;\n      var sections = document.querySelectorAll('.after-time');\n      sections.forEach(function(sec) {\n        \/\/ 1) rendi visibile\n        sec.style.display = 'block';\n        \/\/ oppure, se usi classi di utilit\u00e0:\n        \/\/ sec.classList.remove('hidden');\n      });\n      sendVoluumConversion('VSL-Pitch');\n    }\n    \n    if (!shown_lead && data.seconds >= lead) {\n      shown_lead = true;\n      sendVoluumConversion('VSL-Lead');\n    }\n    \n    if (!shown_body && data.seconds >= body) {\n      shown_body = true;\n      sendVoluumConversion('VSL-Body');\n    }\n    \n  });\n});\n<\/script>\t\t\t\t<\/div>\n\t\t\t\t<\/div>\n\t\t\t\t<section class=\"elementor-section elementor-inner-section elementor-element elementor-element-a20dae4 after-time elementor-section-boxed elementor-section-height-default elementor-section-height-default\" data-id=\"a20dae4\" data-element_type=\"section\" data-e-type=\"section\">\n\t\t\t\t\t\t<div class=\"elementor-container elementor-column-gap-default\">\n\t\t\t\t\t<div class=\"elementor-column elementor-col-33 elementor-inner-column elementor-element elementor-element-3fcc463\" data-id=\"3fcc463\" data-element_type=\"column\" data-e-type=\"column\">\n\t\t\t<div class=\"elementor-widget-wrap elementor-element-populated\">\n\t\t\t\t\t\t<div class=\"elementor-element elementor-element-fabdb69 elementor-view-default elementor-widget elementor-widget-icon\" data-id=\"fabdb69\" data-element_type=\"widget\" data-e-type=\"widget\" data-widget_type=\"icon.default\">\n\t\t\t\t<div class=\"elementor-widget-container\">\n\t\t\t\t\t\t\t<div class=\"elementor-icon-wrapper\">\n\t\t\t<div class=\"elementor-icon\">\n\t\t\t<svg aria-hidden=\"true\" class=\"e-font-icon-svg e-fas-arrow-alt-circle-down\" viewBox=\"0 0 512 512\" xmlns=\"http:\/\/www.w3.org\/2000\/svg\"><path d=\"M504 256c0 137-111 248-248 248S8 393 8 256 119 8 256 8s248 111 248 248zM212 140v116h-70.9c-10.7 0-16.1 13-8.5 20.5l114.9 114.3c4.7 4.7 12.2 4.7 16.9 0l114.9-114.3c7.6-7.6 2.2-20.5-8.5-20.5H300V140c0-6.6-5.4-12-12-12h-64c-6.6 0-12 5.4-12 12z\"><\/path><\/svg>\t\t\t<\/div>\n\t\t<\/div>\n\t\t\t\t\t\t<\/div>\n\t\t\t\t<\/div>\n\t\t\t\t\t<\/div>\n\t\t<\/div>\n\t\t\t\t<div class=\"elementor-column elementor-col-33 elementor-inner-column elementor-element elementor-element-f0351ae\" data-id=\"f0351ae\" data-element_type=\"column\" data-e-type=\"column\">\n\t\t\t<div class=\"elementor-widget-wrap elementor-element-populated\">\n\t\t\t\t\t\t<div class=\"elementor-element elementor-element-ac95133 elementor-view-default elementor-widget elementor-widget-icon\" data-id=\"ac95133\" data-element_type=\"widget\" data-e-type=\"widget\" data-widget_type=\"icon.default\">\n\t\t\t\t<div class=\"elementor-widget-container\">\n\t\t\t\t\t\t\t<div class=\"elementor-icon-wrapper\">\n\t\t\t<div class=\"elementor-icon\">\n\t\t\t<svg aria-hidden=\"true\" class=\"e-font-icon-svg e-fas-arrow-alt-circle-down\" viewBox=\"0 0 512 512\" xmlns=\"http:\/\/www.w3.org\/2000\/svg\"><path d=\"M504 256c0 137-111 248-248 248S8 393 8 256 119 8 256 8s248 111 248 248zM212 140v116h-70.9c-10.7 0-16.1 13-8.5 20.5l114.9 114.3c4.7 4.7 12.2 4.7 16.9 0l114.9-114.3c7.6-7.6 2.2-20.5-8.5-20.5H300V140c0-6.6-5.4-12-12-12h-64c-6.6 0-12 5.4-12 12z\"><\/path><\/svg>\t\t\t<\/div>\n\t\t<\/div>\n\t\t\t\t\t\t<\/div>\n\t\t\t\t<\/div>\n\t\t\t\t\t<\/div>\n\t\t<\/div>\n\t\t\t\t<div class=\"elementor-column elementor-col-33 elementor-inner-column elementor-element elementor-element-6b3eadc\" data-id=\"6b3eadc\" data-element_type=\"column\" data-e-type=\"column\">\n\t\t\t<div class=\"elementor-widget-wrap elementor-element-populated\">\n\t\t\t\t\t\t<div class=\"elementor-element elementor-element-779915b elementor-view-default elementor-widget elementor-widget-icon\" data-id=\"779915b\" data-element_type=\"widget\" data-e-type=\"widget\" data-widget_type=\"icon.default\">\n\t\t\t\t<div class=\"elementor-widget-container\">\n\t\t\t\t\t\t\t<div class=\"elementor-icon-wrapper\">\n\t\t\t<div class=\"elementor-icon\">\n\t\t\t<svg aria-hidden=\"true\" class=\"e-font-icon-svg e-fas-arrow-alt-circle-down\" viewBox=\"0 0 512 512\" xmlns=\"http:\/\/www.w3.org\/2000\/svg\"><path d=\"M504 256c0 137-111 248-248 248S8 393 8 256 119 8 256 8s248 111 248 248zM212 140v116h-70.9c-10.7 0-16.1 13-8.5 20.5l114.9 114.3c4.7 4.7 12.2 4.7 16.9 0l114.9-114.3c7.6-7.6 2.2-20.5-8.5-20.5H300V140c0-6.6-5.4-12-12-12h-64c-6.6 0-12 5.4-12 12z\"><\/path><\/svg>\t\t\t<\/div>\n\t\t<\/div>\n\t\t\t\t\t\t<\/div>\n\t\t\t\t<\/div>\n\t\t\t\t\t<\/div>\n\t\t<\/div>\n\t\t\t\t\t<\/div>\n\t\t<\/section>\n\t\t\t\t<div class=\"elementor-element elementor-element-cd395f3 elementor-align-center after-time elementor-widget elementor-widget-button\" data-id=\"cd395f3\" data-element_type=\"widget\" data-e-type=\"widget\" id=\"cta\" data-widget_type=\"button.default\">\n\t\t\t\t<div class=\"elementor-widget-container\">\n\t\t\t\t\t\t\t\t\t<div class=\"elementor-button-wrapper\">\n\t\t\t\t\t<a class=\"elementor-button elementor-button-link elementor-size-sm\" href=\"#\">\n\t\t\t\t\t\t<span class=\"elementor-button-content-wrapper\">\n\t\t\t\t\t\t<span class=\"elementor-button-icon\">\n\t\t\t\t<svg aria-hidden=\"true\" class=\"e-font-icon-svg e-fas-arrow-circle-right\" viewBox=\"0 0 512 512\" xmlns=\"http:\/\/www.w3.org\/2000\/svg\"><path d=\"M256 8c137 0 248 111 248 248S393 504 256 504 8 393 8 256 119 8 256 8zm-28.9 143.6l75.5 72.4H120c-13.3 0-24 10.7-24 24v16c0 13.3 10.7 24 24 24h182.6l-75.5 72.4c-9.7 9.3-9.9 24.8-.4 34.3l11 10.9c9.4 9.4 24.6 9.4 33.9 0L404.3 273c9.4-9.4 9.4-24.6 0-33.9L271.6 106.3c-9.4-9.4-24.6-9.4-33.9 0l-11 10.9c-9.5 9.6-9.3 25.1.4 34.4z\"><\/path><\/svg>\t\t\t<\/span>\n\t\t\t\t\t\t\t\t\t<span class=\"elementor-button-text\">Prenota Ora La Tua Consulenza Gratuita Per Saperne di Pi\u00f9<\/span>\n\t\t\t\t\t<\/span>\n\t\t\t\t\t<\/a>\n\t\t\t\t<\/div>\n\t\t\t\t\t\t\t\t<\/div>\n\t\t\t\t<\/div>\n\t\t\t\t\t<\/div>\n\t\t<\/div>\n\t\t\t\t\t<\/div>\n\t\t<\/section>\n\t\t\t\t<section class=\"elementor-section elementor-top-section elementor-element elementor-element-ffb40b5 elementor-section-boxed elementor-section-height-default elementor-section-height-default\" data-id=\"ffb40b5\" data-element_type=\"section\" data-e-type=\"section\" data-settings=\"{&quot;background_background&quot;:&quot;classic&quot;}\">\n\t\t\t\t\t\t<div class=\"elementor-container elementor-column-gap-default\">\n\t\t\t\t\t<div class=\"elementor-column elementor-col-100 elementor-top-column elementor-element elementor-element-a9e57f5\" data-id=\"a9e57f5\" data-element_type=\"column\" data-e-type=\"column\">\n\t\t\t<div class=\"elementor-widget-wrap elementor-element-populated\">\n\t\t\t\t\t\t<div class=\"elementor-element elementor-element-fa92f34 elementor-widget elementor-widget-image\" data-id=\"fa92f34\" data-element_type=\"widget\" data-e-type=\"widget\" data-widget_type=\"image.default\">\n\t\t\t\t<div class=\"elementor-widget-container\">\n\t\t\t\t\t\t\t\t\t\t\t\t\t\t\t<img fetchpriority=\"high\" decoding=\"async\" width=\"800\" height=\"288\" src=\"https:\/\/destinazione-suditalia.com\/wp-content\/uploads\/2025\/03\/Screenshot-2025-03-25-at-21.47.14-1024x368.png\" class=\"attachment-large size-large wp-image-12330\" alt=\"\" srcset=\"https:\/\/destinazione-suditalia.com\/wp-content\/uploads\/2025\/03\/Screenshot-2025-03-25-at-21.47.14-1024x368.png 1024w, https:\/\/destinazione-suditalia.com\/wp-content\/uploads\/2025\/03\/Screenshot-2025-03-25-at-21.47.14-300x108.png 300w, https:\/\/destinazione-suditalia.com\/wp-content\/uploads\/2025\/03\/Screenshot-2025-03-25-at-21.47.14-768x276.png 768w, https:\/\/destinazione-suditalia.com\/wp-content\/uploads\/2025\/03\/Screenshot-2025-03-25-at-21.47.14.png 1030w\" sizes=\"(max-width: 800px) 100vw, 800px\" \/>\t\t\t\t\t\t\t\t\t\t\t\t\t\t\t<\/div>\n\t\t\t\t<\/div>\n\t\t\t\t<div class=\"elementor-element elementor-element-a52f9e3 elementor-widget elementor-widget-image\" data-id=\"a52f9e3\" data-element_type=\"widget\" data-e-type=\"widget\" data-widget_type=\"image.default\">\n\t\t\t\t<div class=\"elementor-widget-container\">\n\t\t\t\t\t\t\t\t\t\t\t\t\t\t\t<img decoding=\"async\" width=\"600\" height=\"166\" src=\"https:\/\/destinazione-suditalia.com\/wp-content\/uploads\/2025\/03\/oligenesi-logo-retina.webp\" class=\"attachment-large size-large wp-image-12337\" alt=\"\" srcset=\"https:\/\/destinazione-suditalia.com\/wp-content\/uploads\/2025\/03\/oligenesi-logo-retina.webp 600w, https:\/\/destinazione-suditalia.com\/wp-content\/uploads\/2025\/03\/oligenesi-logo-retina-300x83.webp 300w\" sizes=\"(max-width: 600px) 100vw, 600px\" \/>\t\t\t\t\t\t\t\t\t\t\t\t\t\t\t<\/div>\n\t\t\t\t<\/div>\n\t\t\t\t<div class=\"elementor-element elementor-element-c65c110 elementor-widget elementor-widget-text-editor\" data-id=\"c65c110\" data-element_type=\"widget\" data-e-type=\"widget\" data-widget_type=\"text-editor.default\">\n\t\t\t\t<div class=\"elementor-widget-container\">\n\t\t\t\t\t\t\t\t\t<p>2024 Tutti i Diritti Riservati\u00a0 \u2013 <a href=\"https:\/\/oligenesi.it\/privacy-policy\/\">Privacy &amp; Cookie Policy<\/a> \u2013 <a href=\"mailto:formazione@oligenesi.it\" target=\"_blank\" rel=\"noopener\">formazione@oligenesi.it<\/a><\/p>\t\t\t\t\t\t\t\t<\/div>\n\t\t\t\t<\/div>\n\t\t\t\t<div class=\"elementor-element elementor-element-790d6a4 elementor-widget elementor-widget-text-editor\" data-id=\"790d6a4\" data-element_type=\"widget\" data-e-type=\"widget\" data-widget_type=\"text-editor.default\">\n\t\t\t\t<div class=\"elementor-widget-container\">\n\t\t\t\t\t\t\t\t\t<p><span style=\"color: var( --e-global-color-text ); font-family: var( --e-global-typography-text-font-family ), Sans-serif; font-weight: var( --e-global-typography-text-font-weight );\">Nulla in questa pagina \u00e8 una promessa o garanzia di risultati con Oligenesi. Tutti i casi\/testimonianze a cui si fa riferimento qui sono solo rappresentativi e non devono essere considerati garanzie o promesse.\u00a0<\/span><\/p><p>QUESTA PAGINA WEB NON RAPPRESENTA UNA TESTATA GIORNALISTICA, UN SITO DI INFORMAZIONE O UN BLOG. SI TRATTA DI UNA PAGINA WEB FINALIZZATA ALLE PUBBLICAZIONI PROMOZIONALI CHE IMPIEGANO LA TECNICA DELLO STORYTELLING PER ILLUSTRARE LA PORTATA DEI SERVIZI E DEI PRODOTTI PROPOSTI. LA STORIA RACCONTATA IN QUESTA PAGINA COSTITUISCE UN ADVERTORIAL O PUBBLICIT\u00c0 A SCOPO INFORMATIVO, FUNZIONALE A FAR COMPRENDERE IL POTENZIALE DI QUANTO PROPOSTO. I RISULTATI INDICATI POSSONO VARIARE DA PERSONA A PERSONA E NON SONO GARANTITI.<\/p>\t\t\t\t\t\t\t\t<\/div>\n\t\t\t\t<\/div>\n\t\t\t\t\t<\/div>\n\t\t<\/div>\n\t\t\t\t\t<\/div>\n\t\t<\/section>\n\t\t\t\t<\/div>\n\t\t","protected":false},"excerpt":{"rendered":"<p>(Lezione Gratuita Completa) Da Zero a Massaggiatore Professionista grazie al Metodo MCA Nei prossimi minuti, scoprirai:\u00a0 \u2014 Come farsi pagare da \u20ac60 in s\u00f9 per un massaggio (con le giuste strategie si pu\u00f2 far pagare molto di pi\u00f9) \u2014 I 5 motivi per cui il Massaggiatore Olistico \u00e8 il lavoro \u201cideale\u201d per chi sogna una [&hellip;]<\/p>\n","protected":false},"author":9,"featured_media":0,"parent":0,"menu_order":0,"comment_status":"closed","ping_status":"closed","template":"elementor_canvas","meta":{"footnotes":""},"folder":[29],"class_list":["post-12323","page","type-page","status-publish","hentry"],"yoast_head":"<!-- This site is optimized with the Yoast SEO plugin v27.5 - https:\/\/yoast.com\/product\/yoast-seo-wordpress\/ -->\n<title>Oligenesi \u2013 VSL Page \u2013 Control - Delay - Notizie Aggiornate<\/title>\n<meta name=\"robots\" content=\"index, follow, max-snippet:-1, max-image-preview:large, max-video-preview:-1\" \/>\n<link rel=\"canonical\" href=\"https:\/\/trading-news.oneyeartarget.it\/index.php\/oligenesi-vsl-page-control\/\" \/>\n<meta property=\"og:locale\" content=\"it_IT\" \/>\n<meta property=\"og:type\" content=\"article\" \/>\n<meta property=\"og:title\" content=\"Oligenesi \u2013 VSL Page \u2013 Control - Delay - Notizie Aggiornate\" \/>\n<meta property=\"og:description\" content=\"(Lezione Gratuita Completa) Da Zero a Massaggiatore Professionista grazie al Metodo MCA Nei prossimi minuti, scoprirai:\u00a0 \u2014 Come farsi pagare da \u20ac60 in s\u00f9 per un massaggio (con le giuste strategie si pu\u00f2 far pagare molto di pi\u00f9) \u2014 I 5 motivi per cui il Massaggiatore Olistico \u00e8 il lavoro \u201cideale\u201d per chi sogna una [&hellip;]\" \/>\n<meta property=\"og:url\" content=\"https:\/\/trading-news.oneyeartarget.it\/index.php\/oligenesi-vsl-page-control\/\" \/>\n<meta property=\"og:site_name\" content=\"Notizie Aggiornate\" \/>\n<meta property=\"article:modified_time\" content=\"2025-05-02T19:15:32+00:00\" \/>\n<meta property=\"og:image\" content=\"http:\/\/caricamento-articolo-in-corso.it\/wp-content\/uploads\/2025\/03\/Screenshot-2025-03-25-at-21.47.14-1024x368.png\" \/>\n<meta name=\"twitter:card\" content=\"summary_large_image\" \/>\n<meta name=\"twitter:label1\" content=\"Tempo di lettura stimato\" \/>\n\t<meta name=\"twitter:data1\" content=\"2 minuti\" \/>\n<script type=\"application\/ld+json\" class=\"yoast-schema-graph\">{\"@context\":\"https:\\\/\\\/schema.org\",\"@graph\":[{\"@type\":\"WebPage\",\"@id\":\"https:\\\/\\\/trading-news.oneyeartarget.it\\\/index.php\\\/oligenesi-vsl-page-control\\\/\",\"url\":\"https:\\\/\\\/trading-news.oneyeartarget.it\\\/index.php\\\/oligenesi-vsl-page-control\\\/\",\"name\":\"Oligenesi \u2013 VSL Page \u2013 Control - Delay - Notizie Aggiornate\",\"isPartOf\":{\"@id\":\"https:\\\/\\\/lingue-facili.com\\\/#website\"},\"primaryImageOfPage\":{\"@id\":\"https:\\\/\\\/trading-news.oneyeartarget.it\\\/index.php\\\/oligenesi-vsl-page-control\\\/#primaryimage\"},\"image\":{\"@id\":\"https:\\\/\\\/trading-news.oneyeartarget.it\\\/index.php\\\/oligenesi-vsl-page-control\\\/#primaryimage\"},\"thumbnailUrl\":\"http:\\\/\\\/caricamento-articolo-in-corso.it\\\/wp-content\\\/uploads\\\/2025\\\/03\\\/Screenshot-2025-03-25-at-21.47.14-1024x368.png\",\"datePublished\":\"2025-03-25T20:28:15+00:00\",\"dateModified\":\"2025-05-02T19:15:32+00:00\",\"breadcrumb\":{\"@id\":\"https:\\\/\\\/trading-news.oneyeartarget.it\\\/index.php\\\/oligenesi-vsl-page-control\\\/#breadcrumb\"},\"inLanguage\":\"it-IT\",\"potentialAction\":[{\"@type\":\"ReadAction\",\"target\":[\"https:\\\/\\\/trading-news.oneyeartarget.it\\\/index.php\\\/oligenesi-vsl-page-control\\\/\"]}]},{\"@type\":\"ImageObject\",\"inLanguage\":\"it-IT\",\"@id\":\"https:\\\/\\\/trading-news.oneyeartarget.it\\\/index.php\\\/oligenesi-vsl-page-control\\\/#primaryimage\",\"url\":\"http:\\\/\\\/caricamento-articolo-in-corso.it\\\/wp-content\\\/uploads\\\/2025\\\/03\\\/Screenshot-2025-03-25-at-21.47.14-1024x368.png\",\"contentUrl\":\"http:\\\/\\\/caricamento-articolo-in-corso.it\\\/wp-content\\\/uploads\\\/2025\\\/03\\\/Screenshot-2025-03-25-at-21.47.14-1024x368.png\"},{\"@type\":\"BreadcrumbList\",\"@id\":\"https:\\\/\\\/trading-news.oneyeartarget.it\\\/index.php\\\/oligenesi-vsl-page-control\\\/#breadcrumb\",\"itemListElement\":[{\"@type\":\"ListItem\",\"position\":1,\"name\":\"Home\",\"item\":\"https:\\\/\\\/lingue-facili.com\\\/\"},{\"@type\":\"ListItem\",\"position\":2,\"name\":\"Oligenesi \u2013 VSL Page \u2013 Control &#8211; Delay\"}]},{\"@type\":\"WebSite\",\"@id\":\"https:\\\/\\\/lingue-facili.com\\\/#website\",\"url\":\"https:\\\/\\\/lingue-facili.com\\\/\",\"name\":\"Notizie Aggiornate\",\"description\":\"\",\"potentialAction\":[{\"@type\":\"SearchAction\",\"target\":{\"@type\":\"EntryPoint\",\"urlTemplate\":\"https:\\\/\\\/lingue-facili.com\\\/?s={search_term_string}\"},\"query-input\":{\"@type\":\"PropertyValueSpecification\",\"valueRequired\":true,\"valueName\":\"search_term_string\"}}],\"inLanguage\":\"it-IT\"}]}<\/script>\n<!-- \/ Yoast SEO plugin. -->","yoast_head_json":{"title":"Oligenesi \u2013 VSL Page \u2013 Control - Delay - Notizie Aggiornate","robots":{"index":"index","follow":"follow","max-snippet":"max-snippet:-1","max-image-preview":"max-image-preview:large","max-video-preview":"max-video-preview:-1"},"canonical":"https:\/\/trading-news.oneyeartarget.it\/index.php\/oligenesi-vsl-page-control\/","og_locale":"it_IT","og_type":"article","og_title":"Oligenesi \u2013 VSL Page \u2013 Control - Delay - Notizie Aggiornate","og_description":"(Lezione Gratuita Completa) Da Zero a Massaggiatore Professionista grazie al Metodo MCA Nei prossimi minuti, scoprirai:\u00a0 \u2014 Come farsi pagare da \u20ac60 in s\u00f9 per un massaggio (con le giuste strategie si pu\u00f2 far pagare molto di pi\u00f9) \u2014 I 5 motivi per cui il Massaggiatore Olistico \u00e8 il lavoro \u201cideale\u201d per chi sogna una [&hellip;]","og_url":"https:\/\/trading-news.oneyeartarget.it\/index.php\/oligenesi-vsl-page-control\/","og_site_name":"Notizie Aggiornate","article_modified_time":"2025-05-02T19:15:32+00:00","og_image":[{"url":"http:\/\/caricamento-articolo-in-corso.it\/wp-content\/uploads\/2025\/03\/Screenshot-2025-03-25-at-21.47.14-1024x368.png","type":"","width":"","height":""}],"twitter_card":"summary_large_image","twitter_misc":{"Tempo di lettura stimato":"2 minuti"},"schema":{"@context":"https:\/\/schema.org","@graph":[{"@type":"WebPage","@id":"https:\/\/trading-news.oneyeartarget.it\/index.php\/oligenesi-vsl-page-control\/","url":"https:\/\/trading-news.oneyeartarget.it\/index.php\/oligenesi-vsl-page-control\/","name":"Oligenesi \u2013 VSL Page \u2013 Control - Delay - Notizie Aggiornate","isPartOf":{"@id":"https:\/\/lingue-facili.com\/#website"},"primaryImageOfPage":{"@id":"https:\/\/trading-news.oneyeartarget.it\/index.php\/oligenesi-vsl-page-control\/#primaryimage"},"image":{"@id":"https:\/\/trading-news.oneyeartarget.it\/index.php\/oligenesi-vsl-page-control\/#primaryimage"},"thumbnailUrl":"http:\/\/caricamento-articolo-in-corso.it\/wp-content\/uploads\/2025\/03\/Screenshot-2025-03-25-at-21.47.14-1024x368.png","datePublished":"2025-03-25T20:28:15+00:00","dateModified":"2025-05-02T19:15:32+00:00","breadcrumb":{"@id":"https:\/\/trading-news.oneyeartarget.it\/index.php\/oligenesi-vsl-page-control\/#breadcrumb"},"inLanguage":"it-IT","potentialAction":[{"@type":"ReadAction","target":["https:\/\/trading-news.oneyeartarget.it\/index.php\/oligenesi-vsl-page-control\/"]}]},{"@type":"ImageObject","inLanguage":"it-IT","@id":"https:\/\/trading-news.oneyeartarget.it\/index.php\/oligenesi-vsl-page-control\/#primaryimage","url":"http:\/\/caricamento-articolo-in-corso.it\/wp-content\/uploads\/2025\/03\/Screenshot-2025-03-25-at-21.47.14-1024x368.png","contentUrl":"http:\/\/caricamento-articolo-in-corso.it\/wp-content\/uploads\/2025\/03\/Screenshot-2025-03-25-at-21.47.14-1024x368.png"},{"@type":"BreadcrumbList","@id":"https:\/\/trading-news.oneyeartarget.it\/index.php\/oligenesi-vsl-page-control\/#breadcrumb","itemListElement":[{"@type":"ListItem","position":1,"name":"Home","item":"https:\/\/lingue-facili.com\/"},{"@type":"ListItem","position":2,"name":"Oligenesi \u2013 VSL Page \u2013 Control &#8211; Delay"}]},{"@type":"WebSite","@id":"https:\/\/lingue-facili.com\/#website","url":"https:\/\/lingue-facili.com\/","name":"Notizie Aggiornate","description":"","potentialAction":[{"@type":"SearchAction","target":{"@type":"EntryPoint","urlTemplate":"https:\/\/lingue-facili.com\/?s={search_term_string}"},"query-input":{"@type":"PropertyValueSpecification","valueRequired":true,"valueName":"search_term_string"}}],"inLanguage":"it-IT"}]}},"_links":{"self":[{"href":"https:\/\/destinazione-suditalia.com\/index.php\/wp-json\/wp\/v2\/pages\/12323","targetHints":{"allow":["GET"]}}],"collection":[{"href":"https:\/\/destinazione-suditalia.com\/index.php\/wp-json\/wp\/v2\/pages"}],"about":[{"href":"https:\/\/destinazione-suditalia.com\/index.php\/wp-json\/wp\/v2\/types\/page"}],"author":[{"embeddable":true,"href":"https:\/\/destinazione-suditalia.com\/index.php\/wp-json\/wp\/v2\/users\/9"}],"replies":[{"embeddable":true,"href":"https:\/\/destinazione-suditalia.com\/index.php\/wp-json\/wp\/v2\/comments?post=12323"}],"version-history":[{"count":103,"href":"https:\/\/destinazione-suditalia.com\/index.php\/wp-json\/wp\/v2\/pages\/12323\/revisions"}],"predecessor-version":[{"id":12857,"href":"https:\/\/destinazione-suditalia.com\/index.php\/wp-json\/wp\/v2\/pages\/12323\/revisions\/12857"}],"wp:attachment":[{"href":"https:\/\/destinazione-suditalia.com\/index.php\/wp-json\/wp\/v2\/media?parent=12323"}],"wp:term":[{"taxonomy":"folder","embeddable":true,"href":"https:\/\/destinazione-suditalia.com\/index.php\/wp-json\/wp\/v2\/folder?post=12323"}],"curies":[{"name":"wp","href":"https:\/\/api.w.org\/{rel}","templated":true}]}}